{"id":14,"date":"2022-07-13T13:02:45","date_gmt":"2022-07-13T13:02:45","guid":{"rendered":"https:\/\/minavaansanon.fi\/?page_id=14"},"modified":"2023-03-14T12:18:38","modified_gmt":"2023-03-14T12:18:38","slug":"mina-vaan-sanon","status":"publish","type":"page","link":"https:\/\/minavaansanon.fi\/","title":{"rendered":"MIN\u00c4 VAAN SANON!"},"content":{"rendered":"\n<p>Vanhoissa Pekka ja P\u00e4tk\u00e4 -elokuvissa P\u00e4tk\u00e4 toteaa toisinaan:  &#8221;<em>Asiahan ei tietysti minulle kuulu, mutta min\u00e4 vaan kysyn!<\/em>&#8221;.  Eli h\u00e4n kuitenkin ilmaisee tilanteessa oman mielipiteens\u00e4.  Mik\u00e4 onkin aitoa sananvapautta.<\/p>\n\n\n\n<p>Olen ns. kanta-suomalainen mies, 50 vuotta jo jonkin aikaa sitten t\u00e4ytt\u00e4nyt, asun etel\u00e4isess\u00e4 Suomessa, ja ty\u00f6skentelen julkisella puolella tietotekniikan asiantuntijateht\u00e4viss\u00e4.  En edusta poliittisissa enk\u00e4 muissakaan asioissa mit\u00e4\u00e4n jyrkki\u00e4 \u00e4\u00e4rip\u00e4it\u00e4, mutta mielipiteit\u00e4 minullakin on.  Ja omasta mielest\u00e4ni tietysti tervett\u00e4 j\u00e4rke\u00e4 edustavia, vaikka t\u00e4m\u00e4 v\u00e4ist\u00e4m\u00e4tt\u00e4 onkin osin subjektiivinen n\u00e4kemys.<\/p>\n\n\n\n<p>Koska en ole politiikassa mukana  &#8211; jota vaihtoehtoa my\u00f6nn\u00e4n kyll\u00e4 joskus melkein harkinneeni viimeisen kymmenen vuoden aikana &#8211;  ja olen n\u00e4in ollen &#8221;vain&#8221; \u00e4\u00e4nest\u00e4j\u00e4, minulla ei ole suoria vaikutuskanavia, joissa voisin vaikkapa p\u00e4\u00e4tt\u00e4jien keskuudessa tuoda n\u00e4kemyksi\u00e4ni esille.  Lontoon kuuluisa Hyde Park on paikka, jossa yksitt\u00e4inen ihminen voi valita sopivaksi katsomansa paikan, kiivet\u00e4 ehk\u00e4 mukanaan tuomalle jakkaralle, ja alkaa kevent\u00e4m\u00e4\u00e4n tuntojaan.  Kuulijoita ei v\u00e4ltt\u00e4m\u00e4tt\u00e4 montaa tule, mutta asian ollessa sytytt\u00e4v\u00e4, saattaa ilmaantua enemm\u00e4nkin.  Ja v\u00e4hint\u00e4\u00e4nkin puhuja saa tilaisuuden tuoda ajatuksiaan julki.<\/p>\n\n\n\n<p>T\u00e4m\u00e4 sivusto on ikioma Hyde Parkini.  P\u00e4tk\u00e4n vanhaa sanontaa hieman modifioiden, kysymisen sijaan min\u00e4 vaan sanon!  Vaikka kannatankin vahvasti avointa vuoropuhelua ja vasta-argumenttienkin kuuntelemista ihmisten v\u00e4lisess\u00e4 toiminnassa, kommentointimahdollisuutta en n\u00e4ille sivuilleni sis\u00e4llyt\u00e4, koska en juurikaan somessa viet\u00e4 aikaani.  T\u00e4m\u00e4 sivusto onkin omistettu sek\u00e4 omieni ett\u00e4 minua kuulemaan osuneen lukijan ajatuksille aikaa antavalle tajunnanvirralle, keskustelupalstojen ja vastaavien kiivastempoisen keskustelun ja &#8221;huutelun&#8221; sijaan.<\/p>\n\n\n\n<p>Hein\u00e4kuun 2022 j\u00e4lkipuoliskolla nousen jakkaralle, ja aloitan pohdiskeluni.  Tervetuloa kuuntelemaan, mik\u00e4li kiinnostaa!<\/p>\n","protected":false},"excerpt":{"rendered":"<p>Vanhoissa Pekka ja P\u00e4tk\u00e4 -elokuvissa P\u00e4tk\u00e4 toteaa toisinaan: &#8221;Asiahan ei tietysti minulle kuulu, mutta min\u00e4 vaan kysyn!&#8221;. Eli h\u00e4n kuitenkin ilmaisee tilanteessa oman mielipiteens\u00e4. Mik\u00e4 onkin aitoa sananvapautta. Olen ns. kanta-suomalainen mies, 50 vuotta jo jonkin aikaa sitten t\u00e4ytt\u00e4nyt, asun etel\u00e4isess\u00e4 Suomessa, ja ty\u00f6skentelen julkisella puolella tietotekniikan asiantuntijateht\u00e4viss\u00e4. En edusta poliittisissa enk\u00e4 muissakaan asioissa mit\u00e4\u00e4n <a class=\"read-more\" href=\"https:\/\/minavaansanon.fi\/\">READ MORE<\/a><\/p>\n","protected":false},"author":1,"featured_media":29,"parent":0,"menu_order":0,"comment_status":"closed","ping_status":"closed","template":"","meta":{"footnotes":""},"class_list":["post-14","page","type-page","status-publish","has-post-thumbnail","hentry"],"jetpack_sharing_enabled":true,"jetpack-related-posts":[],"_links":{"self":[{"href":"https:\/\/minavaansanon.fi\/index.php?rest_route=\/wp\/v2\/pages\/14","targetHints":{"allow":["GET"]}}],"collection":[{"href":"https:\/\/minavaansanon.fi\/index.php?rest_route=\/wp\/v2\/pages"}],"about":[{"href":"https:\/\/minavaansanon.fi\/index.php?rest_route=\/wp\/v2\/types\/page"}],"author":[{"embeddable":true,"href":"https:\/\/minavaansanon.fi\/index.php?rest_route=\/wp\/v2\/users\/1"}],"replies":[{"embeddable":true,"href":"https:\/\/minavaansanon.fi\/index.php?rest_route=%2Fwp%2Fv2%2Fcomments&post=14"}],"version-history":[{"count":14,"href":"https:\/\/minavaansanon.fi\/index.php?rest_route=\/wp\/v2\/pages\/14\/revisions"}],"predecessor-version":[{"id":98,"href":"https:\/\/minavaansanon.fi\/index.php?rest_route=\/wp\/v2\/pages\/14\/revisions\/98"}],"wp:featuredmedia":[{"embeddable":true,"href":"https:\/\/minavaansanon.fi\/index.php?rest_route=\/wp\/v2\/media\/29"}],"wp:attachment":[{"href":"https:\/\/minavaansanon.fi\/index.php?rest_route=%2Fwp%2Fv2%2Fmedia&parent=14"}],"curies":[{"name":"wp","href":"https:\/\/api.w.org\/{rel}","templated":true}]}}